{"id":185,"date":"2019-07-03T00:51:34","date_gmt":"2019-07-02T22:51:34","guid":{"rendered":"http:\/\/www.pousseensemble.org\/?page_id=185"},"modified":"2024-09-08T11:03:58","modified_gmt":"2024-09-08T09:03:58","slug":"visite-guidee","status":"publish","type":"page","link":"http:\/\/www.pousseensemble.org\/?page_id=185","title":{"rendered":"Visite Guid\u00e9e"},"content":{"rendered":"\n<p><strong>La mare<\/strong><\/p>\n\n\n\n<p>Construite en 2015, la mare accueille une faune et une flore tr\u00e8s vari\u00e9e (poissons, t\u00e9tards, n\u00e9nuphars&#8230;)<\/p>\n\n\n\n<figure class=\"wp-block-image\"><img loading=\"lazy\" width=\"2048\" height=\"1365\" src=\"http:\/\/www.pousseensemble.org\/wp-content\/uploads\/2019\/07\/Pousse-Ensemble_jardin-partage_collectif_Pantin-mare.jpg\" alt=\"\" class=\"wp-image-187\" srcset=\"http:\/\/www.pousseensemble.org\/wp-content\/uploads\/2019\/07\/Pousse-Ensemble_jardin-partage_collectif_Pantin-mare.jpg 2048w, http:\/\/www.pousseensemble.org\/wp-content\/uploads\/2019\/07\/Pousse-Ensemble_jardin-partage_collectif_Pantin-mare-300x200.jpg 300w, http:\/\/www.pousseensemble.org\/wp-content\/uploads\/2019\/07\/Pousse-Ensemble_jardin-partage_collectif_Pantin-mare-768x512.jpg 768w, http:\/\/www.pousseensemble.org\/wp-content\/uploads\/2019\/07\/Pousse-Ensemble_jardin-partage_collectif_Pantin-mare-1024x683.jpg 1024w, http:\/\/www.pousseensemble.org\/wp-content\/uploads\/2019\/07\/Pousse-Ensemble_jardin-partage_collectif_Pantin-mare-1200x800.jpg 1200w\" sizes=\"(max-width: 709px) 85vw, (max-width: 909px) 67vw, (max-width: 1362px) 62vw, 840px\" \/><\/figure>\n\n\n\n<hr class=\"wp-block-separator\"\/>\n\n\n\n<p><strong>Parcelles<\/strong><\/p>\n\n\n\n<p>Les parcelles sont collectives et les plantations changent d&rsquo;une ann\u00e9e sur l&rsquo;autre selon les principes de la permaculture. (<a href=\"http:\/\/www.google.com\">en savoir plus sur la permaculture<\/a>) Vous pourrez y trouver : tomates, radis, poireaux, ail, oignons, courges &#8230; et ce que vous y s\u00e8merez.<\/p>\n\n\n\n<figure class=\"wp-block-image\"><img loading=\"lazy\" width=\"1024\" height=\"683\" src=\"http:\/\/www.pousseensemble.org\/wp-content\/uploads\/2019\/07\/Pousse-Ensemble_jardin-partage_collectif_Pantin-93_03-1024x683.jpg\" alt=\"\" class=\"wp-image-154\" srcset=\"http:\/\/www.pousseensemble.org\/wp-content\/uploads\/2019\/07\/Pousse-Ensemble_jardin-partage_collectif_Pantin-93_03-1024x683.jpg 1024w, http:\/\/www.pousseensemble.org\/wp-content\/uploads\/2019\/07\/Pousse-Ensemble_jardin-partage_collectif_Pantin-93_03-300x200.jpg 300w, http:\/\/www.pousseensemble.org\/wp-content\/uploads\/2019\/07\/Pousse-Ensemble_jardin-partage_collectif_Pantin-93_03-768x512.jpg 768w, http:\/\/www.pousseensemble.org\/wp-content\/uploads\/2019\/07\/Pousse-Ensemble_jardin-partage_collectif_Pantin-93_03-1200x800.jpg 1200w, http:\/\/www.pousseensemble.org\/wp-content\/uploads\/2019\/07\/Pousse-Ensemble_jardin-partage_collectif_Pantin-93_03.jpg 2048w\" sizes=\"(max-width: 709px) 85vw, (max-width: 909px) 67vw, (max-width: 1362px) 62vw, 840px\" \/><\/figure>\n\n\n\n<hr class=\"wp-block-separator\"\/>\n\n\n\n<p><strong>Bac \u00e0 compost<\/strong><\/p>\n\n\n\n<p>Venez jeter votre compost ici. Objectif : r\u00e9duire ses d\u00e9chets et enrichir la terre du jardin. Si vous n&rsquo;\u00eates pas familier avec ce concept, pas d&rsquo;inqui\u00e9tude, c&rsquo;est tr\u00e8s simple et un adh\u00e9rent se fera un plaisir de vous expliquer le principe (<a href=\"http:\/\/www.google.fr\">sinon vous pouvez trouver des infos ici)<\/a><\/p>\n\n\n\n<hr class=\"wp-block-separator\"\/>\n\n\n\n<p><strong>La serre\/cabane<\/strong><\/p>\n\n\n\n<p>Au printemps c&rsquo;est ici qu&rsquo;on fait pousser une partie des semis.<\/p>\n\n\n\n<figure class=\"wp-block-image\"><img loading=\"lazy\" width=\"1024\" height=\"683\" src=\"http:\/\/www.pousseensemble.org\/wp-content\/uploads\/2019\/07\/cabane-serre_jardin-partage_pantin-1024x683.jpg\" alt=\"\" class=\"wp-image-196\" srcset=\"http:\/\/www.pousseensemble.org\/wp-content\/uploads\/2019\/07\/cabane-serre_jardin-partage_pantin-1024x683.jpg 1024w, http:\/\/www.pousseensemble.org\/wp-content\/uploads\/2019\/07\/cabane-serre_jardin-partage_pantin-300x200.jpg 300w, http:\/\/www.pousseensemble.org\/wp-content\/uploads\/2019\/07\/cabane-serre_jardin-partage_pantin-768x512.jpg 768w, http:\/\/www.pousseensemble.org\/wp-content\/uploads\/2019\/07\/cabane-serre_jardin-partage_pantin-1200x800.jpg 1200w, http:\/\/www.pousseensemble.org\/wp-content\/uploads\/2019\/07\/cabane-serre_jardin-partage_pantin.jpg 2048w\" sizes=\"(max-width: 709px) 85vw, (max-width: 909px) 67vw, (max-width: 1362px) 62vw, 840px\" \/><\/figure>\n\n\n\n<hr class=\"wp-block-separator\"\/>\n\n\n\n<p><strong>L&rsquo;h\u00f4tel \u00e0 insectes<\/strong><\/p>\n\n\n\n<p>Construit en janvier 2018 lors d&rsquo;un atelier collectif, l&rsquo;h\u00f4tel vise \u00e0 accueillir toute sorte d&rsquo;insectes, il reste encore du travail pour le consolider (il vieillit avec le temps), avis aux volontaires.<\/p>\n\n\n\n<div class=\"wp-block-image\"><figure class=\"aligncenter is-resized\"><img loading=\"lazy\" src=\"http:\/\/www.pousseensemble.org\/wp-content\/uploads\/2019\/07\/Pousse-Ensemble_jardin-partage_collectif_Pantin-93_08-683x1024.jpg\" alt=\"\" class=\"wp-image-166\" width=\"337\" height=\"504\" srcset=\"http:\/\/www.pousseensemble.org\/wp-content\/uploads\/2019\/07\/Pousse-Ensemble_jardin-partage_collectif_Pantin-93_08-683x1024.jpg 683w, http:\/\/www.pousseensemble.org\/wp-content\/uploads\/2019\/07\/Pousse-Ensemble_jardin-partage_collectif_Pantin-93_08-200x300.jpg 200w\" sizes=\"(max-width: 337px) 85vw, 337px\" \/><\/figure><\/div>\n\n\n\n<hr class=\"wp-block-separator\"\/>\n\n\n\n<p><strong>Biblioth\u00e8que partag\u00e9e<\/strong><\/p>\n\n\n\n<p>La biblioth\u00e8que de Pousse Ensemble sur la th\u00e9matique du jardinage et de l&rsquo;\u00e9cologie. Notez votre nom sur la fiche et empruntez les ouvrages qui vous int\u00e9ressent.<\/p>\n\n\n\n<figure class=\"wp-block-image\"><img loading=\"lazy\" width=\"1024\" height=\"683\" src=\"http:\/\/www.pousseensemble.org\/wp-content\/uploads\/2019\/07\/Bibliotheque-partagee-1024x683.jpg\" alt=\"\" class=\"wp-image-188\" srcset=\"http:\/\/www.pousseensemble.org\/wp-content\/uploads\/2019\/07\/Bibliotheque-partagee-1024x683.jpg 1024w, http:\/\/www.pousseensemble.org\/wp-content\/uploads\/2019\/07\/Bibliotheque-partagee-300x200.jpg 300w, http:\/\/www.pousseensemble.org\/wp-content\/uploads\/2019\/07\/Bibliotheque-partagee-768x512.jpg 768w, http:\/\/www.pousseensemble.org\/wp-content\/uploads\/2019\/07\/Bibliotheque-partagee-1200x800.jpg 1200w, http:\/\/www.pousseensemble.org\/wp-content\/uploads\/2019\/07\/Bibliotheque-partagee.jpg 2048w\" sizes=\"(max-width: 709px) 85vw, (max-width: 909px) 67vw, (max-width: 1362px) 62vw, 840px\" \/><\/figure>\n\n\n\n<hr class=\"wp-block-separator\"\/>\n\n\n\n<p><strong>Spirale aromatique<\/strong><\/p>\n\n\n\n<p>Photo de sa construction &#8230; elle est aujourd&rsquo;hui achev\u00e9e &#8230; y poussent sauge, romarin, oseille &#8230;<\/p>\n\n\n\n<figure class=\"wp-block-image\"><img loading=\"lazy\" width=\"1024\" height=\"683\" src=\"http:\/\/www.pousseensemble.org\/wp-content\/uploads\/2019\/07\/Pousse-Ensemble_jardin-partage_collectif_Pantin-93_10-1-1024x683.jpg\" alt=\"\" class=\"wp-image-195\" srcset=\"http:\/\/www.pousseensemble.org\/wp-content\/uploads\/2019\/07\/Pousse-Ensemble_jardin-partage_collectif_Pantin-93_10-1-1024x683.jpg 1024w, http:\/\/www.pousseensemble.org\/wp-content\/uploads\/2019\/07\/Pousse-Ensemble_jardin-partage_collectif_Pantin-93_10-1-300x200.jpg 300w, http:\/\/www.pousseensemble.org\/wp-content\/uploads\/2019\/07\/Pousse-Ensemble_jardin-partage_collectif_Pantin-93_10-1-768x512.jpg 768w, http:\/\/www.pousseensemble.org\/wp-content\/uploads\/2019\/07\/Pousse-Ensemble_jardin-partage_collectif_Pantin-93_10-1-1200x800.jpg 1200w, http:\/\/www.pousseensemble.org\/wp-content\/uploads\/2019\/07\/Pousse-Ensemble_jardin-partage_collectif_Pantin-93_10-1.jpg 2048w\" sizes=\"(max-width: 709px) 85vw, (max-width: 909px) 67vw, (max-width: 1362px) 62vw, 840px\" \/><\/figure>\n\n\n\n<hr class=\"wp-block-separator\"\/>\n\n\n\n<p><strong>Tout plein de plantes cach\u00e9es !<\/strong><\/p>\n\n\n\n<p>\u00c0 vous de trouver les innombrables esp\u00e8ces de plantes et d&rsquo;animaux du jardin.<\/p>\n\n\n\n<figure class=\"wp-block-image\"><img loading=\"lazy\" width=\"1024\" height=\"683\" src=\"http:\/\/www.pousseensemble.org\/wp-content\/uploads\/2019\/07\/Pousse-Ensemble_jardin-partage_collectif_Pantin-93_07-1024x683.jpg\" alt=\"\" class=\"wp-image-167\" srcset=\"http:\/\/www.pousseensemble.org\/wp-content\/uploads\/2019\/07\/Pousse-Ensemble_jardin-partage_collectif_Pantin-93_07-1024x683.jpg 1024w, http:\/\/www.pousseensemble.org\/wp-content\/uploads\/2019\/07\/Pousse-Ensemble_jardin-partage_collectif_Pantin-93_07-300x200.jpg 300w, http:\/\/www.pousseensemble.org\/wp-content\/uploads\/2019\/07\/Pousse-Ensemble_jardin-partage_collectif_Pantin-93_07-768x512.jpg 768w, http:\/\/www.pousseensemble.org\/wp-content\/uploads\/2019\/07\/Pousse-Ensemble_jardin-partage_collectif_Pantin-93_07-1200x800.jpg 1200w, http:\/\/www.pousseensemble.org\/wp-content\/uploads\/2019\/07\/Pousse-Ensemble_jardin-partage_collectif_Pantin-93_07.jpg 2048w\" sizes=\"(max-width: 709px) 85vw, (max-width: 909px) 67vw, (max-width: 1362px) 62vw, 840px\" \/><\/figure>\n\n\n\n<figure class=\"wp-block-image\"><img loading=\"lazy\" width=\"1024\" height=\"683\" src=\"http:\/\/www.pousseensemble.org\/wp-content\/uploads\/2019\/07\/Pousse-Ensemble_jardin-partage_collectif_Pantin-93_11-1024x683.jpg\" alt=\"\" class=\"wp-image-163\" srcset=\"http:\/\/www.pousseensemble.org\/wp-content\/uploads\/2019\/07\/Pousse-Ensemble_jardin-partage_collectif_Pantin-93_11-1024x683.jpg 1024w, http:\/\/www.pousseensemble.org\/wp-content\/uploads\/2019\/07\/Pousse-Ensemble_jardin-partage_collectif_Pantin-93_11-300x200.jpg 300w, http:\/\/www.pousseensemble.org\/wp-content\/uploads\/2019\/07\/Pousse-Ensemble_jardin-partage_collectif_Pantin-93_11-768x512.jpg 768w, http:\/\/www.pousseensemble.org\/wp-content\/uploads\/2019\/07\/Pousse-Ensemble_jardin-partage_collectif_Pantin-93_11-1200x800.jpg 1200w, http:\/\/www.pousseensemble.org\/wp-content\/uploads\/2019\/07\/Pousse-Ensemble_jardin-partage_collectif_Pantin-93_11.jpg 2048w\" sizes=\"(max-width: 709px) 85vw, (max-width: 909px) 67vw, (max-width: 1362px) 62vw, 840px\" \/><figcaption>Groseiller<\/figcaption><\/figure>\n\n\n\n<figure class=\"wp-block-image\"><img loading=\"lazy\" width=\"1024\" height=\"683\" src=\"http:\/\/www.pousseensemble.org\/wp-content\/uploads\/2019\/07\/jardin-collectif_legume-1024x683.jpg\" alt=\"\" class=\"wp-image-193\" srcset=\"http:\/\/www.pousseensemble.org\/wp-content\/uploads\/2019\/07\/jardin-collectif_legume-1024x683.jpg 1024w, http:\/\/www.pousseensemble.org\/wp-content\/uploads\/2019\/07\/jardin-collectif_legume-300x200.jpg 300w, http:\/\/www.pousseensemble.org\/wp-content\/uploads\/2019\/07\/jardin-collectif_legume-768x512.jpg 768w, http:\/\/www.pousseensemble.org\/wp-content\/uploads\/2019\/07\/jardin-collectif_legume-1200x800.jpg 1200w, http:\/\/www.pousseensemble.org\/wp-content\/uploads\/2019\/07\/jardin-collectif_legume.jpg 2048w\" sizes=\"(max-width: 709px) 85vw, (max-width: 909px) 67vw, (max-width: 1362px) 62vw, 840px\" \/><\/figure>\n\n\n\n<figure class=\"wp-block-image\"><img loading=\"lazy\" width=\"1024\" height=\"683\" src=\"http:\/\/www.pousseensemble.org\/wp-content\/uploads\/2019\/07\/Pousse-Ensemble_jardin-partage_collectif_Pantin-93_14-1024x683.jpg\" alt=\"\" class=\"wp-image-160\" srcset=\"http:\/\/www.pousseensemble.org\/wp-content\/uploads\/2019\/07\/Pousse-Ensemble_jardin-partage_collectif_Pantin-93_14-1024x683.jpg 1024w, http:\/\/www.pousseensemble.org\/wp-content\/uploads\/2019\/07\/Pousse-Ensemble_jardin-partage_collectif_Pantin-93_14-300x200.jpg 300w, http:\/\/www.pousseensemble.org\/wp-content\/uploads\/2019\/07\/Pousse-Ensemble_jardin-partage_collectif_Pantin-93_14-768x512.jpg 768w, http:\/\/www.pousseensemble.org\/wp-content\/uploads\/2019\/07\/Pousse-Ensemble_jardin-partage_collectif_Pantin-93_14-1200x800.jpg 1200w, http:\/\/www.pousseensemble.org\/wp-content\/uploads\/2019\/07\/Pousse-Ensemble_jardin-partage_collectif_Pantin-93_14.jpg 2048w\" sizes=\"(max-width: 709px) 85vw, (max-width: 909px) 67vw, (max-width: 1362px) 62vw, 840px\" \/><\/figure>\n\n\n\n<figure class=\"wp-block-image\"><img loading=\"lazy\" width=\"683\" height=\"1024\" src=\"http:\/\/www.pousseensemble.org\/wp-content\/uploads\/2019\/07\/pousse-ensemble_jardin-collectif_plante-683x1024.jpg\" alt=\"\" class=\"wp-image-194\" srcset=\"http:\/\/www.pousseensemble.org\/wp-content\/uploads\/2019\/07\/pousse-ensemble_jardin-collectif_plante-683x1024.jpg 683w, http:\/\/www.pousseensemble.org\/wp-content\/uploads\/2019\/07\/pousse-ensemble_jardin-collectif_plante-200x300.jpg 200w, http:\/\/www.pousseensemble.org\/wp-content\/uploads\/2019\/07\/pousse-ensemble_jardin-collectif_plante-768x1152.jpg 768w, http:\/\/www.pousseensemble.org\/wp-content\/uploads\/2019\/07\/pousse-ensemble_jardin-collectif_plante-1200x1800.jpg 1200w, http:\/\/www.pousseensemble.org\/wp-content\/uploads\/2019\/07\/pousse-ensemble_jardin-collectif_plante.jpg 1365w\" sizes=\"(max-width: 683px) 85vw, 683px\" \/><\/figure>\n\n\n\n<figure class=\"wp-block-image\"><img loading=\"lazy\" width=\"1024\" height=\"683\" src=\"http:\/\/www.pousseensemble.org\/wp-content\/uploads\/2019\/07\/Pousse-Ensemble_jardin-partage_collectif_Pantin-93_13-1024x683.jpg\" alt=\"\" class=\"wp-image-161\" srcset=\"http:\/\/www.pousseensemble.org\/wp-content\/uploads\/2019\/07\/Pousse-Ensemble_jardin-partage_collectif_Pantin-93_13-1024x683.jpg 1024w, http:\/\/www.pousseensemble.org\/wp-content\/uploads\/2019\/07\/Pousse-Ensemble_jardin-partage_collectif_Pantin-93_13-300x200.jpg 300w, http:\/\/www.pousseensemble.org\/wp-content\/uploads\/2019\/07\/Pousse-Ensemble_jardin-partage_collectif_Pantin-93_13-768x512.jpg 768w, http:\/\/www.pousseensemble.org\/wp-content\/uploads\/2019\/07\/Pousse-Ensemble_jardin-partage_collectif_Pantin-93_13-1200x800.jpg 1200w, http:\/\/www.pousseensemble.org\/wp-content\/uploads\/2019\/07\/Pousse-Ensemble_jardin-partage_collectif_Pantin-93_13.jpg 2048w\" sizes=\"(max-width: 709px) 85vw, (max-width: 909px) 67vw, (max-width: 1362px) 62vw, 840px\" \/><\/figure>\n\n\n\n<figure class=\"wp-block-image\"><img loading=\"lazy\" width=\"683\" height=\"1024\" src=\"http:\/\/www.pousseensemble.org\/wp-content\/uploads\/2019\/07\/Pousse-Ensemble_jardin-partage_collectif_Pantin-93_12-683x1024.jpg\" alt=\"\" class=\"wp-image-162\" srcset=\"http:\/\/www.pousseensemble.org\/wp-content\/uploads\/2019\/07\/Pousse-Ensemble_jardin-partage_collectif_Pantin-93_12-683x1024.jpg 683w, http:\/\/www.pousseensemble.org\/wp-content\/uploads\/2019\/07\/Pousse-Ensemble_jardin-partage_collectif_Pantin-93_12-200x300.jpg 200w, http:\/\/www.pousseensemble.org\/wp-content\/uploads\/2019\/07\/Pousse-Ensemble_jardin-partage_collectif_Pantin-93_12-768x1152.jpg 768w, http:\/\/www.pousseensemble.org\/wp-content\/uploads\/2019\/07\/Pousse-Ensemble_jardin-partage_collectif_Pantin-93_12-1200x1800.jpg 1200w, http:\/\/www.pousseensemble.org\/wp-content\/uploads\/2019\/07\/Pousse-Ensemble_jardin-partage_collectif_Pantin-93_12.jpg 1365w\" sizes=\"(max-width: 683px) 85vw, 683px\" \/><\/figure>\n\n\n\n<hr class=\"wp-block-separator\"\/>\n\n\n\n<p><strong>Bonus : le jardin avant&#8230;<\/strong><\/p>\n\n\n\n<figure class=\"wp-block-image\"><img loading=\"lazy\" width=\"960\" height=\"720\" src=\"http:\/\/www.pousseensemble.org\/wp-content\/uploads\/2019\/07\/pousse-ensemble_pantin.jpg\" alt=\"\" class=\"wp-image-191\" srcset=\"http:\/\/www.pousseensemble.org\/wp-content\/uploads\/2019\/07\/pousse-ensemble_pantin.jpg 960w, http:\/\/www.pousseensemble.org\/wp-content\/uploads\/2019\/07\/pousse-ensemble_pantin-300x225.jpg 300w, http:\/\/www.pousseensemble.org\/wp-content\/uploads\/2019\/07\/pousse-ensemble_pantin-768x576.jpg 768w\" sizes=\"(max-width: 709px) 85vw, (max-width: 909px) 67vw, (max-width: 1362px) 62vw, 840px\" \/><\/figure>\n\n\n\n<div class=\"wp-block-columns has-2-columns\">\n<div class=\"wp-block-column\"><\/div>\n\n\n\n<div class=\"wp-block-column\"><\/div>\n<\/div>\n","protected":false},"excerpt":{"rendered":"<p>La mare Construite en 2015, la mare accueille une faune et une flore tr\u00e8s vari\u00e9e (poissons, t\u00e9tards, n\u00e9nuphars&#8230;) Parcelles Les parcelles sont collectives et les plantations changent d&rsquo;une ann\u00e9e sur l&rsquo;autre selon les principes de la permaculture. (en savoir plus sur la permaculture) Vous pourrez y trouver : tomates, radis, poireaux, ail, oignons, courges &#8230; &hellip; <a href=\"http:\/\/www.pousseensemble.org\/?page_id=185\" class=\"more-link\">Continuer la lecture<span class=\"screen-reader-text\"> de &laquo;&nbsp;Visite Guid\u00e9e&nbsp;&raquo;<\/span><\/a><\/p>\n","protected":false},"author":1,"featured_media":0,"parent":0,"menu_order":0,"comment_status":"closed","ping_status":"closed","template":"","meta":[],"_links":{"self":[{"href":"http:\/\/www.pousseensemble.org\/index.php?rest_route=\/wp\/v2\/pages\/185"}],"collection":[{"href":"http:\/\/www.pousseensemble.org\/index.php?rest_route=\/wp\/v2\/pages"}],"about":[{"href":"http:\/\/www.pousseensemble.org\/index.php?rest_route=\/wp\/v2\/types\/page"}],"author":[{"embeddable":true,"href":"http:\/\/www.pousseensemble.org\/index.php?rest_route=\/wp\/v2\/users\/1"}],"replies":[{"embeddable":true,"href":"http:\/\/www.pousseensemble.org\/index.php?rest_route=%2Fwp%2Fv2%2Fcomments&post=185"}],"version-history":[{"count":7,"href":"http:\/\/www.pousseensemble.org\/index.php?rest_route=\/wp\/v2\/pages\/185\/revisions"}],"predecessor-version":[{"id":520,"href":"http:\/\/www.pousseensemble.org\/index.php?rest_route=\/wp\/v2\/pages\/185\/revisions\/520"}],"wp:attachment":[{"href":"http:\/\/www.pousseensemble.org\/index.php?rest_route=%2Fwp%2Fv2%2Fmedia&parent=185"}],"curies":[{"name":"wp","href":"https:\/\/api.w.org\/{rel}","templated":true}]}}