{"id":228,"date":"2019-09-03T10:56:38","date_gmt":"2019-09-03T08:56:38","guid":{"rendered":"http:\/\/www.pousseensemble.org\/?page_id=228"},"modified":"2020-06-03T14:20:19","modified_gmt":"2020-06-03T12:20:19","slug":"compost","status":"publish","type":"page","link":"http:\/\/www.pousseensemble.org\/?page_id=228","title":{"rendered":"Compost"},"content":{"rendered":"\n<p class=\"has-text-color has-dark-gray-color\">Des bacs \u00e0 compost sont install\u00e9s au fond du jardin.  Le compostage est un moyen \u00e9cologique de g\u00e9rer ses d\u00e9chets de jardin et de cuisine, le compost am\u00e9liore la structure des sols et apporte aux v\u00e9g\u00e9taux des \u00e9l\u00e9ments nutritifs. Vous pouvez r\u00e9cup\u00e9rer un bio-sceau aupr\u00e8s de l&rsquo;association (1\u20ac), renseignez-vous aupr\u00e8s d&rsquo;un adh\u00e9rent.<\/p>\n\n\n\n<figure class=\"wp-block-image\"><img loading=\"lazy\" width=\"716\" height=\"1024\" src=\"http:\/\/www.pousseensemble.org\/wp-content\/uploads\/2019\/09\/Oui-716x1024.jpg\" alt=\"\" class=\"wp-image-229\" srcset=\"http:\/\/www.pousseensemble.org\/wp-content\/uploads\/2019\/09\/Oui-716x1024.jpg 716w, http:\/\/www.pousseensemble.org\/wp-content\/uploads\/2019\/09\/Oui-210x300.jpg 210w, http:\/\/www.pousseensemble.org\/wp-content\/uploads\/2019\/09\/Oui-768x1098.jpg 768w, http:\/\/www.pousseensemble.org\/wp-content\/uploads\/2019\/09\/Oui.jpg 1082w\" sizes=\"(max-width: 716px) 85vw, 716px\" \/><\/figure>\n\n\n\n<p>Plus d&rsquo;information sur le compostage (source : Est Ensemble) :<\/p>\n\n\n\n<figure class=\"wp-block-embed-youtube wp-block-embed is-type-video is-provider-youtube wp-embed-aspect-16-9 wp-has-aspect-ratio\"><div class=\"wp-block-embed__wrapper\">\n<iframe title=\"Tuto : utiliser un composteur de jardin\" width=\"840\" height=\"473\" src=\"https:\/\/www.youtube.com\/embed\/aFyCj9eE4xQ?feature=oembed\" frameborder=\"0\" allow=\"accelerometer; autoplay; encrypted-media; gyroscope; picture-in-picture\" allowfullscreen><\/iframe>\n<\/div><figcaption>D\u00e9chets : \u00e0 partir de 1&rsquo;44<br>D\u00e9poser son compost : \u00e0 partir de 2&rsquo;50<\/figcaption><\/figure>\n\n\n\n<p class=\"has-small-font-size\">[PDF] <a href=\"https:\/\/www.est-ensemble.fr\/sites\/default\/files\/pratiquer_le_compostage.pdf\">https:\/\/www.est-ensemble.fr\/sites\/default\/files\/pratiquer_le_compostage.pdf<\/a><\/p>\n","protected":false},"excerpt":{"rendered":"<p>Des bacs \u00e0 compost sont install\u00e9s au fond du jardin. Le compostage est un moyen \u00e9cologique de g\u00e9rer ses d\u00e9chets de jardin et de cuisine, le compost am\u00e9liore la structure des sols et apporte aux v\u00e9g\u00e9taux des \u00e9l\u00e9ments nutritifs. Vous pouvez r\u00e9cup\u00e9rer un bio-sceau aupr\u00e8s de l&rsquo;association (1\u20ac), renseignez-vous aupr\u00e8s d&rsquo;un adh\u00e9rent. Plus d&rsquo;information sur &hellip; <a href=\"http:\/\/www.pousseensemble.org\/?page_id=228\" class=\"more-link\">Continuer la lecture<span class=\"screen-reader-text\"> de &laquo;&nbsp;Compost&nbsp;&raquo;<\/span><\/a><\/p>\n","protected":false},"author":1,"featured_media":0,"parent":40,"menu_order":0,"comment_status":"closed","ping_status":"closed","template":"","meta":[],"_links":{"self":[{"href":"http:\/\/www.pousseensemble.org\/index.php?rest_route=\/wp\/v2\/pages\/228"}],"collection":[{"href":"http:\/\/www.pousseensemble.org\/index.php?rest_route=\/wp\/v2\/pages"}],"about":[{"href":"http:\/\/www.pousseensemble.org\/index.php?rest_route=\/wp\/v2\/types\/page"}],"author":[{"embeddable":true,"href":"http:\/\/www.pousseensemble.org\/index.php?rest_route=\/wp\/v2\/users\/1"}],"replies":[{"embeddable":true,"href":"http:\/\/www.pousseensemble.org\/index.php?rest_route=%2Fwp%2Fv2%2Fcomments&post=228"}],"version-history":[{"count":6,"href":"http:\/\/www.pousseensemble.org\/index.php?rest_route=\/wp\/v2\/pages\/228\/revisions"}],"predecessor-version":[{"id":310,"href":"http:\/\/www.pousseensemble.org\/index.php?rest_route=\/wp\/v2\/pages\/228\/revisions\/310"}],"up":[{"embeddable":true,"href":"http:\/\/www.pousseensemble.org\/index.php?rest_route=\/wp\/v2\/pages\/40"}],"wp:attachment":[{"href":"http:\/\/www.pousseensemble.org\/index.php?rest_route=%2Fwp%2Fv2%2Fmedia&parent=228"}],"curies":[{"name":"wp","href":"https:\/\/api.w.org\/{rel}","templated":true}]}}