{"id":40,"date":"2019-02-11T23:55:29","date_gmt":"2019-02-11T22:55:29","guid":{"rendered":"http:\/\/www.pousseensemble.org\/?page_id=40"},"modified":"2024-09-08T10:54:10","modified_gmt":"2024-09-08T08:54:10","slug":"droits-et-devoirs","status":"publish","type":"page","link":"http:\/\/www.pousseensemble.org\/?page_id=40","title":{"rendered":"Fonctionnement du jardin"},"content":{"rendered":"\n<p>Chaque adh\u00e9rent peut librement acc\u00e9der au jardin \u00e0 n&rsquo;importe quel moment. Chacun peut d\u00e9cider de donner un coup de main au jardin ou prendre des initiatives seul.e, en en parlant aux autres ou en l&rsquo;\u00e9crivant sur le cahier\/journal de bord, plac\u00e9 dans la cabane.  Des parcelles sont parfois laiss\u00e9es en jach\u00e8re, c&rsquo;est bien de le savoir avant de s&rsquo;aventurer \u00e0 y planter des choses. L&rsquo;important est donc de se parler \ud83d\ude42<\/p>\n\n\n\n<p>Le but du jardinage collectif n&rsquo;est pas n\u00e9cessairement la r\u00e9colte, mais \u00e7a nous arrive d&rsquo;avoir une belle production. On s&rsquo;en sert en priorit\u00e9 pour les repas collectifs. Mais sinon, le principe est le suivant, durant l&rsquo;ann\u00e9e : lorsque les l\u00e9gumes sont arriv\u00e9s \u00e0 maturit\u00e9, la production est r\u00e9partie entre les personnes pr\u00e9sentes lors de la cueillette. <\/p>\n\n\n\n<p>Chaque adh\u00e9rent.e peut rejoindre une commission en \u00e9crivant \u00e0 contact@pousseensemble\/org, par exemple cr\u00e9ation d&rsquo;une commission travaux, d&rsquo;une commission culture, d&rsquo;une commission communication &#8230;<\/p>\n\n\n\n<p>Chaque premier dimanche du mois est consacr\u00e9 \u00e0 des travaux collectifs : nettoyage, bricolage, plantations, etc.<\/p>\n\n\n\n<p>Le jardinage est avant tout un moment de partage, de convivialit\u00e9 et d&rsquo;\u00e9changes de savoir-faire.  Vous pouvez t\u00e9l\u00e9charger le <a href=\"http:\/\/www.pousseensemble.org\/wp-content\/uploads\/2019\/07\/R\u00e8glement-Int\u00e9rieur-PousseEnsemble2019.pdf\">r\u00e8glement int\u00e9rieur ici<\/a>. <\/p>\n\n\n\n<p><strong>nb : Compte-tenu du contexte sanitaire, nous vous demandons d\u00e9sormais d&rsquo;apporter vos propres gants de jardinage.  <\/strong><br><\/p>\n","protected":false},"excerpt":{"rendered":"<p>Chaque adh\u00e9rent peut librement acc\u00e9der au jardin \u00e0 n&rsquo;importe quel moment. Chacun peut d\u00e9cider de donner un coup de main au jardin ou prendre des initiatives seul.e, en en parlant aux autres ou en l&rsquo;\u00e9crivant sur le cahier\/journal de bord, plac\u00e9 dans la cabane. Des parcelles sont parfois laiss\u00e9es en jach\u00e8re, c&rsquo;est bien de le &hellip; <a href=\"http:\/\/www.pousseensemble.org\/?page_id=40\" class=\"more-link\">Continuer la lecture<span class=\"screen-reader-text\"> de &laquo;&nbsp;Fonctionnement du jardin&nbsp;&raquo;<\/span><\/a><\/p>\n","protected":false},"author":1,"featured_media":0,"parent":0,"menu_order":0,"comment_status":"closed","ping_status":"closed","template":"","meta":[],"_links":{"self":[{"href":"http:\/\/www.pousseensemble.org\/index.php?rest_route=\/wp\/v2\/pages\/40"}],"collection":[{"href":"http:\/\/www.pousseensemble.org\/index.php?rest_route=\/wp\/v2\/pages"}],"about":[{"href":"http:\/\/www.pousseensemble.org\/index.php?rest_route=\/wp\/v2\/types\/page"}],"author":[{"embeddable":true,"href":"http:\/\/www.pousseensemble.org\/index.php?rest_route=\/wp\/v2\/users\/1"}],"replies":[{"embeddable":true,"href":"http:\/\/www.pousseensemble.org\/index.php?rest_route=%2Fwp%2Fv2%2Fcomments&post=40"}],"version-history":[{"count":8,"href":"http:\/\/www.pousseensemble.org\/index.php?rest_route=\/wp\/v2\/pages\/40\/revisions"}],"predecessor-version":[{"id":516,"href":"http:\/\/www.pousseensemble.org\/index.php?rest_route=\/wp\/v2\/pages\/40\/revisions\/516"}],"wp:attachment":[{"href":"http:\/\/www.pousseensemble.org\/index.php?rest_route=%2Fwp%2Fv2%2Fmedia&parent=40"}],"curies":[{"name":"wp","href":"https:\/\/api.w.org\/{rel}","templated":true}]}}