{"id":138,"date":"2019-07-01T23:45:08","date_gmt":"2019-07-01T21:45:08","guid":{"rendered":"http:\/\/www.pousseensemble.org\/?page_id=138"},"modified":"2025-08-13T13:04:36","modified_gmt":"2025-08-13T11:04:36","slug":"prochains-evenements-2","status":"publish","type":"page","link":"https:\/\/www.pousseensemble.org\/?page_id=138","title":{"rendered":"Ev\u00e9n\u00e9ments PousseEnsemble"},"content":{"rendered":"\n<hr class=\"wp-block-separator has-text-color has-background is-style-default\" style=\"background-color:#3eaf46;color:#3eaf46\"\/>\n\n\n\n<h2>Prochains Evenements<\/h2>\n\n\n\n<p><strong>Sur toute l&rsquo;ann\u00e9e 2024 &#8211; 2025 <\/strong>: Rdv tous les 1ers dimanche des mois &gt; ateliers collectifs les apr\u00e8s-midi. Rdv directement au jardin \u00e0 14h30<\/p>\n\n\n\n<p> <\/p>\n","protected":false},"excerpt":{"rendered":"<p>Prochains Evenements Sur toute l&rsquo;ann\u00e9e 2024 &#8211; 2025 : Rdv tous les 1ers dimanche des mois &gt; ateliers collectifs les apr\u00e8s-midi. Rdv directement au jardin \u00e0 14h30<\/p>\n","protected":false},"author":1,"featured_media":0,"parent":0,"menu_order":0,"comment_status":"closed","ping_status":"closed","template":"","meta":[],"_links":{"self":[{"href":"https:\/\/www.pousseensemble.org\/index.php?rest_route=\/wp\/v2\/pages\/138"}],"collection":[{"href":"https:\/\/www.pousseensemble.org\/index.php?rest_route=\/wp\/v2\/pages"}],"about":[{"href":"https:\/\/www.pousseensemble.org\/index.php?rest_route=\/wp\/v2\/types\/page"}],"author":[{"embeddable":true,"href":"https:\/\/www.pousseensemble.org\/index.php?rest_route=\/wp\/v2\/users\/1"}],"replies":[{"embeddable":true,"href":"https:\/\/www.pousseensemble.org\/index.php?rest_route=%2Fwp%2Fv2%2Fcomments&post=138"}],"version-history":[{"count":52,"href":"https:\/\/www.pousseensemble.org\/index.php?rest_route=\/wp\/v2\/pages\/138\/revisions"}],"predecessor-version":[{"id":560,"href":"https:\/\/www.pousseensemble.org\/index.php?rest_route=\/wp\/v2\/pages\/138\/revisions\/560"}],"wp:attachment":[{"href":"https:\/\/www.pousseensemble.org\/index.php?rest_route=%2Fwp%2Fv2%2Fmedia&parent=138"}],"curies":[{"name":"wp","href":"https:\/\/api.w.org\/{rel}","templated":true}]}}