{"id":8,"date":"2019-02-11T22:59:21","date_gmt":"2019-02-11T21:59:21","guid":{"rendered":"http:\/\/www.pousseensemble.org\/?page_id=8"},"modified":"2022-09-11T08:35:47","modified_gmt":"2022-09-11T06:35:47","slug":"accueil","status":"publish","type":"page","link":"https:\/\/www.pousseensemble.org\/","title":{"rendered":"Accueil"},"content":{"rendered":"<p>Bienvenue sur le site de Pousse Ensemble ! Le jardin partag\u00e9 collectif est situ\u00e9 dans le quartier du Petit Pantin.<\/p>\n<p>Ce jardin est un lieu collectif, con\u00e7u et entretenu par des habitants (tous b\u00e9n\u00e9voles) regroup\u00e9s au sein de l&rsquo;association \u00ab\u00a0Pousse Ensemble !\u00a0\u00bb (convention sign\u00e9e avec la Ville de Pantin). Le jardin est ouvert \u00e0 toutes et \u00e0 tous.<\/p>\n<p>Il a pour but de faire d\u00e9couvrir le jardinage et de d\u00e9velopper la connaissance de la nature par l\u2019apprentissage et l\u2019exp\u00e9rimentation.<\/p>\n<p>C&rsquo;est un lieu d&rsquo;\u00e9changes et de rencontres. Les non-adh\u00e9rents peuvent entrer et visiter le jardin lorsqu&rsquo;un jardinier de l&rsquo;association est pr\u00e9sent.<\/p>\n<p>Ici, nous partageons les valeurs citoyennes, et la pratique d&rsquo;un jardinage \u00e9coresponsable.<\/p>\n<p>C&rsquo;est un espace d&rsquo;initiation aux petites pratiques jardini\u00e8res et aux gestes \u00e9cocitoyens.<\/p>\n<p>Si vous souhaitez adh\u00e9rer, les adh\u00e9sions se font sur ce site, sur la page <a href=\"http:\/\/www.pousseensemble.org\/?page_id=37\">Adh\u00e9rer au jardin<\/a>, ou au jardin le <strong>dimanche apr\u00e8s-midi de 14h30 \u00e0 16h30, <\/strong>ouvert en fonction des conditions climatiques.<\/p>\n<p>Si vous souhaitez uniquement d\u00e9poser votre compost, vous pouvez le faire aux heures d&rsquo;ouverture du jardin ou profitez des composteurs de la ville. Il est bienvenu de participer aux activit\u00e9s du jardin lorsque l&rsquo;on est adh\u00e9rent et de ne pas seulement venir d\u00e9poser son compost.<\/p>\n<p>Soyez les bienvenus dans le respect de chacun\u2026 et celui des plantes.<\/p>\n","protected":false},"excerpt":{"rendered":"<p>Bienvenue sur le site de Pousse Ensemble ! Le jardin partag\u00e9 collectif est situ\u00e9 dans le quartier du Petit Pantin. Ce jardin est un lieu collectif, con\u00e7u et entretenu par des habitants (tous b\u00e9n\u00e9voles) regroup\u00e9s au sein de l&rsquo;association \u00ab\u00a0Pousse Ensemble !\u00a0\u00bb (convention sign\u00e9e avec la Ville de Pantin). Le jardin est ouvert \u00e0 toutes &hellip; <a href=\"https:\/\/www.pousseensemble.org\/\" class=\"more-link\">Continuer la lecture<span class=\"screen-reader-text\"> de &laquo;&nbsp;Accueil&nbsp;&raquo;<\/span><\/a><\/p>\n","protected":false},"author":1,"featured_media":0,"parent":0,"menu_order":0,"comment_status":"closed","ping_status":"closed","template":"","meta":[],"_links":{"self":[{"href":"https:\/\/www.pousseensemble.org\/index.php?rest_route=\/wp\/v2\/pages\/8"}],"collection":[{"href":"https:\/\/www.pousseensemble.org\/index.php?rest_route=\/wp\/v2\/pages"}],"about":[{"href":"https:\/\/www.pousseensemble.org\/index.php?rest_route=\/wp\/v2\/types\/page"}],"author":[{"embeddable":true,"href":"https:\/\/www.pousseensemble.org\/index.php?rest_route=\/wp\/v2\/users\/1"}],"replies":[{"embeddable":true,"href":"https:\/\/www.pousseensemble.org\/index.php?rest_route=%2Fwp%2Fv2%2Fcomments&post=8"}],"version-history":[{"count":24,"href":"https:\/\/www.pousseensemble.org\/index.php?rest_route=\/wp\/v2\/pages\/8\/revisions"}],"predecessor-version":[{"id":453,"href":"https:\/\/www.pousseensemble.org\/index.php?rest_route=\/wp\/v2\/pages\/8\/revisions\/453"}],"wp:attachment":[{"href":"https:\/\/www.pousseensemble.org\/index.php?rest_route=%2Fwp%2Fv2%2Fmedia&parent=8"}],"curies":[{"name":"wp","href":"https:\/\/api.w.org\/{rel}","templated":true}]}}